{"id":33,"date":"2024-09-10T07:10:13","date_gmt":"2024-09-10T07:10:13","guid":{"rendered":"https:\/\/horisontcon.dk\/index.php\/front_page\/"},"modified":"2025-11-02T13:09:25","modified_gmt":"2025-11-02T13:09:25","slug":"front_page","status":"publish","type":"page","link":"https:\/\/horisontcon.dk\/","title":{"rendered":"Home"},"content":{"rendered":"<div class=\"n2_clear\"><ss3-force-full-width data-overflow-x=\"body\" data-horizontal-selector=\"body\"><div class=\"n2-section-smartslider fitvidsignore  n2_clear\" data-ssid=\"2\"><div id=\"n2-ss-2-align\" class=\"n2-ss-align\"><div class=\"n2-padding\"><div id=\"n2-ss-2\" data-creator=\"Smart Slider 3\" data-responsive=\"fullwidth\" class=\"n2-ss-slider n2-ow n2-has-hover n2notransition  \"><div class=\"n2-ss-slider-wrapper-inside\">\n        <div class=\"n2-ss-slider-1 n2_ss__touch_element n2-ow\">\n            <div class=\"n2-ss-slider-2 n2-ow\">\n                                                <div class=\"n2-ss-slider-3 n2-ow\">\n\n                    <div class=\"n2-ss-slide-backgrounds n2-ow-all\"><div class=\"n2-ss-slide-background\" data-public-id=\"1\" data-mode=\"fill\"><div class=\"n2-ss-slide-background-image\" data-blur=\"0\" data-opacity=\"40\" data-x=\"50\" data-y=\"50\" data-alt=\"\" data-title=\"\" style=\"opacity:0.4\"><picture class=\"skip-lazy\" data-skip-lazy=\"1\"><img decoding=\"async\" src=\"\/\/horisontcon.dk\/wp-content\/uploads\/2024\/11\/horisont2024-scaled.jpg\" alt=\"\" title=\"\" loading=\"lazy\" class=\"skip-lazy\" data-skip-lazy=\"1\"><\/picture><\/div><div data-color=\"RGBA(0,0,0,1)\" style=\"background-color: RGBA(0,0,0,1);\" class=\"n2-ss-slide-background-color\"><\/div><\/div><div class=\"n2-ss-slide-background\" data-public-id=\"2\" data-mode=\"fill\"><div class=\"n2-ss-slide-background-image\" data-blur=\"0\" data-opacity=\"40\" data-x=\"50\" data-y=\"50\" data-alt=\"\" data-title=\"\" style=\"opacity:0.4\"><picture class=\"skip-lazy\" data-skip-lazy=\"1\"><img decoding=\"async\" src=\"\/\/horisontcon.dk\/wp-content\/uploads\/2024\/11\/horisont-2023-5-scaled.jpg\" alt=\"\" title=\"\" loading=\"lazy\" class=\"skip-lazy\" data-skip-lazy=\"1\"><\/picture><\/div><div data-color=\"RGBA(0,0,0,1)\" style=\"background-color: RGBA(0,0,0,1);\" class=\"n2-ss-slide-background-color\"><\/div><\/div><div class=\"n2-ss-slide-background\" data-public-id=\"3\" data-mode=\"fill\"><div class=\"n2-ss-slide-background-image\" data-blur=\"0\" data-opacity=\"40\" data-x=\"50\" data-y=\"50\" data-alt=\"\" data-title=\"\" style=\"opacity:0.4\"><picture class=\"skip-lazy\" data-skip-lazy=\"1\"><img decoding=\"async\" src=\"\/\/horisontcon.dk\/wp-content\/uploads\/2024\/11\/horisont-2023-scaled.jpg\" alt=\"\" title=\"\" loading=\"lazy\" class=\"skip-lazy\" data-skip-lazy=\"1\"><\/picture><\/div><div data-color=\"RGBA(0,0,0,1)\" style=\"background-color: RGBA(0,0,0,1);\" class=\"n2-ss-slide-background-color\"><\/div><\/div><div class=\"n2-ss-slide-background\" data-public-id=\"4\" data-mode=\"fill\"><div class=\"n2-ss-slide-background-image\" data-blur=\"0\" data-opacity=\"40\" data-x=\"50\" data-y=\"50\" data-alt=\"\" data-title=\"\" style=\"opacity:0.4\"><picture class=\"skip-lazy\" data-skip-lazy=\"1\"><img decoding=\"async\" src=\"\/\/horisontcon.dk\/wp-content\/uploads\/2024\/11\/horisont-2023-4-scaled.jpg\" alt=\"\" title=\"\" loading=\"lazy\" class=\"skip-lazy\" data-skip-lazy=\"1\"><\/picture><\/div><div data-color=\"RGBA(0,0,0,1)\" style=\"background-color: RGBA(0,0,0,1);\" class=\"n2-ss-slide-background-color\"><\/div><\/div><\/div>                    <div class=\"n2-ss-slider-4 n2-ow\">\n                        <svg xmlns=\"http:\/\/www.w3.org\/2000\/svg\" viewBox=\"0 0 1200 600\" data-related-device=\"desktopPortrait\" class=\"n2-ow n2-ss-preserve-size n2-ss-preserve-size--slider n2-ss-slide-limiter\"><\/svg><div data-first=\"1\" data-slide-duration=\"0\" data-id=\"3\" data-slide-public-id=\"1\" data-title=\"horisont2024\" class=\"n2-ss-slide n2-ow  n2-ss-slide-3\"><div role=\"note\" class=\"n2-ss-slide--focus\" tabindex=\"-1\">horisont2024<\/div><div class=\"n2-ss-layers-container n2-ss-slide-limiter n2-ow\"><div class=\"n2-ss-layer n2-ow n-uc-S1LzTqdIWIF8\" data-sstype=\"slide\" data-pm=\"default\"><div class=\"n2-ss-layer n2-ow n-uc-PihfoKIEmTWN\" data-pm=\"default\" data-sstype=\"content\" data-hasbackground=\"0\"><div class=\"n2-ss-section-main-content n2-ss-layer-with-background n2-ss-layer-content n2-ow n-uc-PihfoKIEmTWN-inner\"><div class=\"n2-ss-layer n2-ow n-uc-ogeXhxRVRiFv\" data-pm=\"normal\" data-sstype=\"layer\"><div id=\"n2-ss-2item1\" class=\"n2-font-4a296d60e6f762c1c2793798ac022336-hover   n2-ss-item-content n2-ss-text n2-ow\" style=\"display:block;\">Horisont &#8211; 14. til 16. maj 2026<\/div><\/div><div class=\"n2-ss-layer n2-ow n-uc-JZ2RReAwUlad\" data-pm=\"normal\" data-sstype=\"layer\"><div class=\"n2-ss-item-content n2-ss-text n2-ow-all\"><div class=\"\"><p class=\"n2-font-69fdb25e1a94f000fee2da567ec46747-paragraph  n2-style-a8c16f05c2ef3384a4270dfc737d784f-heading  \">Velkommen til Danmarks <b>hyggeligste figurspilfestival<\/b> som afholdes p\u00e5 <b>KFUM Soldaterhjem, Fredericia.<\/b><\/p>\n<\/div><\/div><\/div><div class=\"n2-ss-layer n2-ow n-uc-7d92SanXdodg n2-ss-layer--auto\" data-pm=\"normal\" data-sstype=\"layer\"><div class=\"n2-ss-button-container n2-ss-item-content n2-ow n2-font-176464dee0eea5b1ac11b21dab9b24d2-link  n2-ss-nowrap n2-ss-button-container--non-full-width\"><a class=\"n2-style-bbdcef2231d18fabfb7b3822c520ba33-heading  n2-ow \" href=\"https:\/\/horisontcon.dk\/index.php\/praktisk\/\"><div><div>L\u00e6s mere her<\/div><\/div><\/a><\/div><\/div><\/div><\/div><\/div><\/div><\/div><div data-slide-duration=\"0\" data-id=\"4\" data-slide-public-id=\"2\" data-title=\"horisont2024\" class=\"n2-ss-slide n2-ow  n2-ss-slide-4\"><div role=\"note\" class=\"n2-ss-slide--focus\" tabindex=\"-1\">horisont2024<\/div><div class=\"n2-ss-layers-container n2-ss-slide-limiter n2-ow\"><div class=\"n2-ss-layer n2-ow n-uc-9C4ZPOmHRP9j\" data-sstype=\"slide\" data-pm=\"default\"><div class=\"n2-ss-layer n2-ow n-uc-9cgqIfWRDjRk\" data-pm=\"default\" data-sstype=\"content\" data-hasbackground=\"0\"><div class=\"n2-ss-section-main-content n2-ss-layer-with-background n2-ss-layer-content n2-ow n-uc-9cgqIfWRDjRk-inner\"><div class=\"n2-ss-layer n2-ow n-uc-K8hChNSzikxi\" data-pm=\"normal\" data-sstype=\"layer\"><div id=\"n2-ss-2item4\" class=\"n2-font-4a296d60e6f762c1c2793798ac022336-hover   n2-ss-item-content n2-ss-text n2-ow\" style=\"display:block;\">Figurspilsfestivallen for indie-figurspil<\/div><\/div><div class=\"n2-ss-layer n2-ow n-uc-f1RchLI4hWB7\" data-pm=\"normal\" data-sstype=\"layer\"><div class=\"n2-ss-item-content n2-ss-text n2-ow-all\"><div class=\"\"><p class=\"n2-font-69fdb25e1a94f000fee2da567ec46747-paragraph  n2-style-a8c16f05c2ef3384a4270dfc737d784f-heading  \">Hvis du gerne vil f\u00e5 spillet, eller pr\u00f8ve at spille, nogle af de mindre kendte titler som fx. <b>5 Parsecs<\/b>, <b>Gaslands<\/b> eller <b>Arena Rex<\/b>, er Horisont en figurspilsfestival for dig!<\/p>\n<\/div><\/div><\/div><div class=\"n2-ss-layer n2-ow n-uc-gBwrvoaAbHm6 n2-ss-layer--auto\" data-pm=\"normal\" data-sstype=\"layer\"><div class=\"n2-ss-button-container n2-ss-item-content n2-ow n2-font-176464dee0eea5b1ac11b21dab9b24d2-link  n2-ss-nowrap n2-ss-button-container--non-full-width\"><a class=\"n2-style-bbdcef2231d18fabfb7b3822c520ba33-heading  n2-ow \" href=\"https:\/\/horisontcon.dk\/index.php\/blog\/\"><div><div>Se her hvilke spil er med i \u00e5r!<\/div><\/div><\/a><\/div><\/div><\/div><\/div><\/div><\/div><\/div><div data-slide-duration=\"0\" data-id=\"6\" data-slide-public-id=\"3\" data-title=\"horisont2024\" class=\"n2-ss-slide n2-ow  n2-ss-slide-6\"><div role=\"note\" class=\"n2-ss-slide--focus\" tabindex=\"-1\">horisont2024<\/div><div class=\"n2-ss-layers-container n2-ss-slide-limiter n2-ow\"><div class=\"n2-ss-layer n2-ow n-uc-cLdzlY1GEROw\" data-sstype=\"slide\" data-pm=\"default\"><div class=\"n2-ss-layer n2-ow n-uc-fQq1neEBZGOT\" data-pm=\"default\" data-sstype=\"content\" data-hasbackground=\"0\"><div class=\"n2-ss-section-main-content n2-ss-layer-with-background n2-ss-layer-content n2-ow n-uc-fQq1neEBZGOT-inner\"><div class=\"n2-ss-layer n2-ow n-uc-FCEoh6bzOted\" data-pm=\"normal\" data-sstype=\"layer\"><div id=\"n2-ss-2item7\" class=\"n2-font-4a296d60e6f762c1c2793798ac022336-hover   n2-ss-item-content n2-ss-text n2-ow\" style=\"display:block;\">Kom og pr\u00f8v nye og sjove figurspil<\/div><\/div><div class=\"n2-ss-layer n2-ow n-uc-0Kkq0dzQgYpK\" data-pm=\"normal\" data-sstype=\"layer\"><div class=\"n2-ss-item-content n2-ss-text n2-ow-all\"><div class=\"\"><p class=\"n2-font-69fdb25e1a94f000fee2da567ec46747-paragraph  n2-style-a8c16f05c2ef3384a4270dfc737d784f-heading  \">Horisont er en figurspilsfestival af og for de frivllige hobbyister, som br\u00e6nder for at <b>fremvise<\/b> deres <b>yndlingsspil<\/b>, eller m\u00e5ske endda deres egne <b>hjemmelavede spil<\/b><\/p>\n<\/div><\/div><\/div><div class=\"n2-ss-layer n2-ow n-uc-3ibefH4rxwI1 n2-ss-layer--auto\" data-pm=\"normal\" data-sstype=\"layer\"><div class=\"n2-ss-button-container n2-ss-item-content n2-ow n2-font-176464dee0eea5b1ac11b21dab9b24d2-link  n2-ss-nowrap n2-ss-button-container--non-full-width\"><a class=\"n2-style-bbdcef2231d18fabfb7b3822c520ba33-heading  n2-ow \" href=\"https:\/\/horisontcon.dk\/index.php\/fremviser\/\"><div><div>Hvordan bliver man en fremviser?<\/div><\/div><\/a><\/div><\/div><\/div><\/div><\/div><\/div><\/div><div data-slide-duration=\"0\" data-id=\"5\" data-slide-public-id=\"4\" data-title=\"horisont2024\" class=\"n2-ss-slide n2-ow  n2-ss-slide-5\"><div role=\"note\" class=\"n2-ss-slide--focus\" tabindex=\"-1\">horisont2024<\/div><div class=\"n2-ss-layers-container n2-ss-slide-limiter n2-ow\"><div class=\"n2-ss-layer n2-ow n-uc-YEGeHBEylkHF\" data-sstype=\"slide\" data-pm=\"default\"><div class=\"n2-ss-layer n2-ow n-uc-81LmaUXNppQv\" data-pm=\"default\" data-sstype=\"content\" data-hasbackground=\"0\"><div class=\"n2-ss-section-main-content n2-ss-layer-with-background n2-ss-layer-content n2-ow n-uc-81LmaUXNppQv-inner\"><div class=\"n2-ss-layer n2-ow n-uc-LxTmZwGetfX5\" data-pm=\"normal\" data-sstype=\"layer\"><div id=\"n2-ss-2item10\" class=\"n2-font-4a296d60e6f762c1c2793798ac022336-hover   n2-ss-item-content n2-ss-text n2-ow\" style=\"display:block;\">Hyggen og inspirationen i h\u00f8js\u00e6det<\/div><\/div><div class=\"n2-ss-layer n2-ow n-uc-MZC8M8MaWtPG\" data-pm=\"normal\" data-sstype=\"layer\"><div class=\"n2-ss-item-content n2-ss-text n2-ow-all\"><div class=\"\"><p class=\"n2-font-69fdb25e1a94f000fee2da567ec46747-paragraph  n2-style-a8c16f05c2ef3384a4270dfc737d784f-heading  \">Til Horisont er der <b>plads til alle<\/b> med en <b>passion<\/b> for malede figurer, sp\u00e6ndende spil og fedt terr\u00e6n &#8211; en lille legeplads for de <b>sm\u00e5 og mindre kendte spil<\/b>, og for os der kan li&#8217; den slags!<\/p>\n<\/div><\/div><\/div><div class=\"n2-ss-layer n2-ow n-uc-CETQbKJioD1q n2-ss-layer--auto\" data-pm=\"normal\" data-sstype=\"layer\"><div class=\"n2-ss-button-container n2-ss-item-content n2-ow n2-font-176464dee0eea5b1ac11b21dab9b24d2-link  n2-ss-nowrap n2-ss-button-container--non-full-width\"><a class=\"n2-style-bbdcef2231d18fabfb7b3822c520ba33-heading  n2-ow \" href=\"https:\/\/horisontcon.dk\/index.php\/vision\/\"><div><div>L\u00e6s om visionen for Horisont Con<\/div><\/div><\/a><\/div><\/div><\/div><\/div><\/div><\/div><\/div>                    <\/div>\n\n                                    <\/div>\n            <\/div>\n        <\/div>\n        <div class=\"n2-ss-slider-controls n2-ss-slider-controls-absolute-left-center\"><div style=\"--widget-offset:15px;\" class=\"n2-ss-widget nextend-arrow n2-ow-all nextend-arrow-previous  nextend-arrow-animated-fade\" data-hide-mobileportrait=\"1\" id=\"n2-ss-2-arrow-previous\" role=\"button\" aria-label=\"previous arrow\" tabindex=\"0\"><img loading=\"lazy\" decoding=\"async\" width=\"32\" height=\"32\" class=\"skip-lazy\" data-skip-lazy=\"1\" src=\"data:image\/svg+xml;base64,PHN2ZyB3aWR0aD0iMzIiIGhlaWdodD0iMzIiIHZpZXdCb3g9IjAgMCAzMiAzMiIgeG1sbnM9Imh0dHA6Ly93d3cudzMub3JnLzIwMDAvc3ZnIj4KICAgIDxwYXRoIGQ9Ik0xMS40MzMgMTUuOTkyTDIyLjY5IDUuNzEyYy4zOTMtLjM5LjM5My0xLjAzIDAtMS40Mi0uMzkzLS4zOS0xLjAzLS4zOS0xLjQyMyAwbC0xMS45OCAxMC45NGMtLjIxLjIxLS4zLjQ5LS4yODUuNzYtLjAxNS4yOC4wNzUuNTYuMjg0Ljc3bDExLjk4IDEwLjk0Yy4zOTMuMzkgMS4wMy4zOSAxLjQyNCAwIC4zOTMtLjQuMzkzLTEuMDMgMC0xLjQybC0xMS4yNTctMTAuMjkiCiAgICAgICAgICBmaWxsPSIjZmZmZmZmIiBvcGFjaXR5PSIwLjgiIGZpbGwtcnVsZT0iZXZlbm9kZCIvPgo8L3N2Zz4=\" alt=\"previous arrow\"><\/div><\/div><div class=\"n2-ss-slider-controls n2-ss-slider-controls-absolute-right-center\"><div style=\"--widget-offset:15px;\" class=\"n2-ss-widget nextend-arrow n2-ow-all nextend-arrow-next  nextend-arrow-animated-fade\" data-hide-mobileportrait=\"1\" id=\"n2-ss-2-arrow-next\" role=\"button\" aria-label=\"next arrow\" tabindex=\"0\"><img loading=\"lazy\" decoding=\"async\" width=\"32\" height=\"32\" class=\"skip-lazy\" data-skip-lazy=\"1\" src=\"data:image\/svg+xml;base64,PHN2ZyB3aWR0aD0iMzIiIGhlaWdodD0iMzIiIHZpZXdCb3g9IjAgMCAzMiAzMiIgeG1sbnM9Imh0dHA6Ly93d3cudzMub3JnLzIwMDAvc3ZnIj4KICAgIDxwYXRoIGQ9Ik0xMC43MjIgNC4yOTNjLS4zOTQtLjM5LTEuMDMyLS4zOS0xLjQyNyAwLS4zOTMuMzktLjM5MyAxLjAzIDAgMS40MmwxMS4yODMgMTAuMjgtMTEuMjgzIDEwLjI5Yy0uMzkzLjM5LS4zOTMgMS4wMiAwIDEuNDIuMzk1LjM5IDEuMDMzLjM5IDEuNDI3IDBsMTIuMDA3LTEwLjk0Yy4yMS0uMjEuMy0uNDkuMjg0LS43Ny4wMTQtLjI3LS4wNzYtLjU1LS4yODYtLjc2TDEwLjcyIDQuMjkzeiIKICAgICAgICAgIGZpbGw9IiNmZmZmZmYiIG9wYWNpdHk9IjAuOCIgZmlsbC1ydWxlPSJldmVub2RkIi8+Cjwvc3ZnPg==\" alt=\"next arrow\"><\/div><\/div><\/div><\/div><ss3-loader><\/ss3-loader><\/div><\/div><div class=\"n2_clear\"><\/div><\/div><\/ss3-force-full-width><\/div>\n\n\n<p><\/p>\n","protected":false},"excerpt":{"rendered":"","protected":false},"author":1,"featured_media":0,"parent":0,"menu_order":0,"comment_status":"closed","ping_status":"closed","template":"","meta":{"footnotes":""},"class_list":["post-33","page","type-page","status-publish","hentry","no-post-thumbnail"],"yoast_head":"<!-- This site is optimized with the Yoast SEO plugin v23.9 - https:\/\/yoast.com\/wordpress\/plugins\/seo\/ -->\n<title>Home - Danmarks Hyggeligste Indie Figurspilsfestival<\/title>\n<meta name=\"robots\" content=\"index, follow, max-snippet:-1, max-image-preview:large, max-video-preview:-1\" \/>\n<link rel=\"canonical\" href=\"https:\/\/horisontcon.dk\/\" \/>\n<meta property=\"og:locale\" content=\"da_DK\" \/>\n<meta property=\"og:type\" content=\"article\" \/>\n<meta property=\"og:title\" content=\"Home - Danmarks Hyggeligste Indie Figurspilsfestival\" \/>\n<meta property=\"og:url\" content=\"https:\/\/horisontcon.dk\/\" \/>\n<meta property=\"og:site_name\" content=\"Danmarks Hyggeligste Indie Figurspilsfestival\" \/>\n<meta property=\"article:modified_time\" content=\"2025-11-02T13:09:25+00:00\" \/>\n<meta name=\"twitter:card\" content=\"summary_large_image\" \/>\n<meta name=\"twitter:label1\" content=\"Estimeret l\u00e6setid\" \/>\n\t<meta name=\"twitter:data1\" content=\"1 minut\" \/>\n<script type=\"application\/ld+json\" class=\"yoast-schema-graph\">{\"@context\":\"https:\/\/schema.org\",\"@graph\":[{\"@type\":\"WebPage\",\"@id\":\"https:\/\/horisontcon.dk\/\",\"url\":\"https:\/\/horisontcon.dk\/\",\"name\":\"Home - Danmarks Hyggeligste Indie Figurspilsfestival\",\"isPartOf\":{\"@id\":\"https:\/\/horisontcon.dk\/#website\"},\"datePublished\":\"2024-09-10T07:10:13+00:00\",\"dateModified\":\"2025-11-02T13:09:25+00:00\",\"breadcrumb\":{\"@id\":\"https:\/\/horisontcon.dk\/#breadcrumb\"},\"inLanguage\":\"da-DK\",\"potentialAction\":[{\"@type\":\"ReadAction\",\"target\":[\"https:\/\/horisontcon.dk\/\"]}]},{\"@type\":\"BreadcrumbList\",\"@id\":\"https:\/\/horisontcon.dk\/#breadcrumb\",\"itemListElement\":[{\"@type\":\"ListItem\",\"position\":1,\"name\":\"Hjem\",\"item\":\"https:\/\/horisontcon.dk\/\"},{\"@type\":\"ListItem\",\"position\":2,\"name\":\"Home\"}]},{\"@type\":\"WebSite\",\"@id\":\"https:\/\/horisontcon.dk\/#website\",\"url\":\"https:\/\/horisontcon.dk\/\",\"name\":\"Danmarks Hyggeligste Indie Figurspilsfestival\",\"description\":\"Danmarks Hyggeligste Indie Figurspilsfestival\",\"publisher\":{\"@id\":\"https:\/\/horisontcon.dk\/#organization\"},\"potentialAction\":[{\"@type\":\"SearchAction\",\"target\":{\"@type\":\"EntryPoint\",\"urlTemplate\":\"https:\/\/horisontcon.dk\/?s={search_term_string}\"},\"query-input\":{\"@type\":\"PropertyValueSpecification\",\"valueRequired\":true,\"valueName\":\"search_term_string\"}}],\"inLanguage\":\"da-DK\"},{\"@type\":\"Organization\",\"@id\":\"https:\/\/horisontcon.dk\/#organization\",\"name\":\"Danmarks Hyggeligste Indie Figurspilsfestival\",\"url\":\"https:\/\/horisontcon.dk\/\",\"logo\":{\"@type\":\"ImageObject\",\"inLanguage\":\"da-DK\",\"@id\":\"https:\/\/horisontcon.dk\/#\/schema\/logo\/image\/\",\"url\":\"https:\/\/horisontcon.dk\/wp-content\/uploads\/2025\/03\/cropped-Horisont_logo_topbanner_with_padding.png\",\"contentUrl\":\"https:\/\/horisontcon.dk\/wp-content\/uploads\/2025\/03\/cropped-Horisont_logo_topbanner_with_padding.png\",\"width\":2479,\"height\":368,\"caption\":\"Danmarks Hyggeligste Indie Figurspilsfestival\"},\"image\":{\"@id\":\"https:\/\/horisontcon.dk\/#\/schema\/logo\/image\/\"}}]}<\/script>\n<!-- \/ Yoast SEO plugin. -->","yoast_head_json":{"title":"Home - Danmarks Hyggeligste Indie Figurspilsfestival","robots":{"index":"index","follow":"follow","max-snippet":"max-snippet:-1","max-image-preview":"max-image-preview:large","max-video-preview":"max-video-preview:-1"},"canonical":"https:\/\/horisontcon.dk\/","og_locale":"da_DK","og_type":"article","og_title":"Home - Danmarks Hyggeligste Indie Figurspilsfestival","og_url":"https:\/\/horisontcon.dk\/","og_site_name":"Danmarks Hyggeligste Indie Figurspilsfestival","article_modified_time":"2025-11-02T13:09:25+00:00","twitter_card":"summary_large_image","twitter_misc":{"Estimeret l\u00e6setid":"1 minut"},"schema":{"@context":"https:\/\/schema.org","@graph":[{"@type":"WebPage","@id":"https:\/\/horisontcon.dk\/","url":"https:\/\/horisontcon.dk\/","name":"Home - Danmarks Hyggeligste Indie Figurspilsfestival","isPartOf":{"@id":"https:\/\/horisontcon.dk\/#website"},"datePublished":"2024-09-10T07:10:13+00:00","dateModified":"2025-11-02T13:09:25+00:00","breadcrumb":{"@id":"https:\/\/horisontcon.dk\/#breadcrumb"},"inLanguage":"da-DK","potentialAction":[{"@type":"ReadAction","target":["https:\/\/horisontcon.dk\/"]}]},{"@type":"BreadcrumbList","@id":"https:\/\/horisontcon.dk\/#breadcrumb","itemListElement":[{"@type":"ListItem","position":1,"name":"Hjem","item":"https:\/\/horisontcon.dk\/"},{"@type":"ListItem","position":2,"name":"Home"}]},{"@type":"WebSite","@id":"https:\/\/horisontcon.dk\/#website","url":"https:\/\/horisontcon.dk\/","name":"Danmarks Hyggeligste Indie Figurspilsfestival","description":"Danmarks Hyggeligste Indie Figurspilsfestival","publisher":{"@id":"https:\/\/horisontcon.dk\/#organization"},"potentialAction":[{"@type":"SearchAction","target":{"@type":"EntryPoint","urlTemplate":"https:\/\/horisontcon.dk\/?s={search_term_string}"},"query-input":{"@type":"PropertyValueSpecification","valueRequired":true,"valueName":"search_term_string"}}],"inLanguage":"da-DK"},{"@type":"Organization","@id":"https:\/\/horisontcon.dk\/#organization","name":"Danmarks Hyggeligste Indie Figurspilsfestival","url":"https:\/\/horisontcon.dk\/","logo":{"@type":"ImageObject","inLanguage":"da-DK","@id":"https:\/\/horisontcon.dk\/#\/schema\/logo\/image\/","url":"https:\/\/horisontcon.dk\/wp-content\/uploads\/2025\/03\/cropped-Horisont_logo_topbanner_with_padding.png","contentUrl":"https:\/\/horisontcon.dk\/wp-content\/uploads\/2025\/03\/cropped-Horisont_logo_topbanner_with_padding.png","width":2479,"height":368,"caption":"Danmarks Hyggeligste Indie Figurspilsfestival"},"image":{"@id":"https:\/\/horisontcon.dk\/#\/schema\/logo\/image\/"}}]}},"_links":{"self":[{"href":"https:\/\/horisontcon.dk\/index.php\/wp-json\/wp\/v2\/pages\/33","targetHints":{"allow":["GET"]}}],"collection":[{"href":"https:\/\/horisontcon.dk\/index.php\/wp-json\/wp\/v2\/pages"}],"about":[{"href":"https:\/\/horisontcon.dk\/index.php\/wp-json\/wp\/v2\/types\/page"}],"author":[{"embeddable":true,"href":"https:\/\/horisontcon.dk\/index.php\/wp-json\/wp\/v2\/users\/1"}],"replies":[{"embeddable":true,"href":"https:\/\/horisontcon.dk\/index.php\/wp-json\/wp\/v2\/comments?post=33"}],"version-history":[{"count":5,"href":"https:\/\/horisontcon.dk\/index.php\/wp-json\/wp\/v2\/pages\/33\/revisions"}],"predecessor-version":[{"id":396,"href":"https:\/\/horisontcon.dk\/index.php\/wp-json\/wp\/v2\/pages\/33\/revisions\/396"}],"wp:attachment":[{"href":"https:\/\/horisontcon.dk\/index.php\/wp-json\/wp\/v2\/media?parent=33"}],"curies":[{"name":"wp","href":"https:\/\/api.w.org\/{rel}","templated":true}]}}