{"id":236,"date":"2024-11-26T15:40:08","date_gmt":"2024-11-26T15:40:08","guid":{"rendered":"https:\/\/horisontcon.dk\/?page_id=236"},"modified":"2026-03-15T21:43:19","modified_gmt":"2026-03-15T21:43:19","slug":"tilmelding","status":"publish","type":"page","link":"https:\/\/horisontcon.dk\/index.php\/tilmelding\/","title":{"rendered":"Tilmelding til Horisont 2026"},"content":{"rendered":"\n<p>For at deltage til \u00e5rets Horisont, er det vigtigt at du tilmelder dig og de spil du gerne vil fremvise. Begge dele forg\u00e5r gennem Google Forms, hvor den ene er din billet til selve festivallen, og den anden er for hvert spil du vil have p\u00e5 programmet.<\/p>\n\n\n\n<div class=\"wp-block-columns are-vertically-aligned-top has-background is-layout-flex wp-container-core-columns-is-layout-9986a1c5 wp-block-columns-is-layout-flex\" style=\"background-color:#e0e0e0;margin-top:var(--wp--preset--spacing--70);margin-bottom:var(--wp--preset--spacing--70);padding-right:var(--wp--preset--spacing--40);padding-left:var(--wp--preset--spacing--40)\">\n<div class=\"wp-block-column is-vertically-aligned-top is-layout-flow wp-block-column-is-layout-flow\">\n<h2 class=\"wp-block-heading is-style-decor3\">Deltager til \u00e5rets Horisont<\/h2>\n\n\n\n<p>En billet til Horisont koster <strong>100 kroner<\/strong>, og giver dig adgang til at kunne spille alle mulige sp\u00e6ndende, nye og fede indie figurspil, i alle tre dage som festivallen varer i. For at kunne k\u00f8be dig en billet, skal du f\u00f8rst tilmelde dig her via Google Forms, hvorefter du senere vil modtage betalingsoplysninger for billetten.<\/p>\n\n\n\n<p>Hvis du tilmelder dig <strong>f\u00f8r 28\/2-26<\/strong>, er veteran eller soldat sparer du <strong>20%<\/strong>.<\/p>\n\n\n\n<div class=\"wp-block-buttons is-content-justification-center is-layout-flex wp-container-core-buttons-is-layout-16018d1d wp-block-buttons-is-layout-flex\">\n<div class=\"wp-block-button has-custom-width wp-block-button__width-50 is-style-arrow\"><a class=\"wp-block-button__link wp-element-button\" href=\"https:\/\/forms.gle\/k9r3iegbsEhXpTHGA\" target=\"_blank\" rel=\"noreferrer noopener\">Tilmeld dig her!<\/a><\/div>\n<\/div>\n<\/div>\n<\/div>\n\n\n\n<div class=\"wp-block-columns is-layout-flex wp-container-core-columns-is-layout-9d6595d7 wp-block-columns-is-layout-flex\">\n<div class=\"wp-block-column has-background is-layout-flow wp-block-column-is-layout-flow\" style=\"background-color:#e0e0e0\">\n<h2 class=\"wp-block-heading is-style-decor3\">Fremvisning af spil til Horisont<\/h2>\n\n\n\n<p>Hvis du ogs\u00e5 \u00f8nsker at fremvise et spil til \u00e5rets Horisont, skal du foruden din billet ogs\u00e5 tilmelde dine spil. For hvert spil du \u00f8nsker at fremvise, skal du udfylde f\u00f8lgende tilmelding, hvori du beskriver lidt om spillet, hvor mange der kan v\u00e6re med, og p\u00e5 hvilket tidspunkt du \u00f8nsker at vise det frem.<br>Husk at <strong>l\u00e6se <\/strong><a href=\"https:\/\/horisontcon.dk\/index.php\/fremviser\/\"><strong><em>Fremviser siden<\/em><\/strong><\/a>!<br>Hvis man \u00f8nsker at fremvise flere spil skal hvert spil tilmeldes hver for sig.<\/p>\n\n\n\n<div class=\"wp-block-buttons is-content-justification-center is-layout-flex wp-container-core-buttons-is-layout-16018d1d wp-block-buttons-is-layout-flex\">\n<div class=\"wp-block-button has-custom-width wp-block-button__width-50 is-style-arrow\"><a class=\"wp-block-button__link wp-element-button\" href=\"https:\/\/forms.gle\/d7PBVo82ynm2EwLfA\" target=\"_blank\" rel=\"noreferrer noopener\">Tilmeld spillet her!<\/a><\/div>\n<\/div>\n<\/div>\n<\/div>\n\n\n\n<div style=\"height:50px\" aria-hidden=\"true\" class=\"wp-block-spacer\"><\/div>\n\n\n\n<p>Efterh\u00e5nden som vi f\u00e5r oprettet de tilmeldte spil, vil du kunne se dem i oversigten p\u00e5 <a href=\"https:\/\/horisontcon.dk\/index.php\/blog\/\">Spil siden<\/a>. Bem\u00e6rk at vi ikke kan garantere at dit spil bliver sat til pr\u00e6cis dit \u00f8nskede tidspunkt, men vi vil selvf\u00f8lgelig g\u00f8re alt hvad vi kan for at opfylde dit \u00f8nske.<\/p>\n\n\n\n<div style=\"height:50px\" aria-hidden=\"true\" class=\"wp-block-spacer\"><\/div>\n","protected":false},"excerpt":{"rendered":"","protected":false},"author":1,"featured_media":0,"parent":0,"menu_order":0,"comment_status":"closed","ping_status":"closed","template":"","meta":{"footnotes":""},"class_list":["post-236","page","type-page","status-publish","hentry","no-post-thumbnail"],"yoast_head":"<!-- This site is optimized with the Yoast SEO plugin v23.9 - https:\/\/yoast.com\/wordpress\/plugins\/seo\/ -->\n<title>Tilmelding til Horisont 2026 - Danmarks Hyggeligste Indie Figurspilsfestival<\/title>\n<meta name=\"robots\" content=\"index, follow, max-snippet:-1, max-image-preview:large, max-video-preview:-1\" \/>\n<link rel=\"canonical\" href=\"https:\/\/horisontcon.dk\/index.php\/tilmelding\/\" \/>\n<meta property=\"og:locale\" content=\"da_DK\" \/>\n<meta property=\"og:type\" content=\"article\" \/>\n<meta property=\"og:title\" content=\"Tilmelding til Horisont 2026 - Danmarks Hyggeligste Indie Figurspilsfestival\" \/>\n<meta property=\"og:url\" content=\"https:\/\/horisontcon.dk\/index.php\/tilmelding\/\" \/>\n<meta property=\"og:site_name\" content=\"Danmarks Hyggeligste Indie Figurspilsfestival\" \/>\n<meta property=\"article:modified_time\" content=\"2026-03-15T21:43:19+00:00\" \/>\n<meta name=\"twitter:card\" content=\"summary_large_image\" \/>\n<meta name=\"twitter:label1\" content=\"Estimeret l\u00e6setid\" \/>\n\t<meta name=\"twitter:data1\" content=\"2 minutter\" \/>\n<script type=\"application\/ld+json\" class=\"yoast-schema-graph\">{\"@context\":\"https:\/\/schema.org\",\"@graph\":[{\"@type\":\"WebPage\",\"@id\":\"https:\/\/horisontcon.dk\/index.php\/tilmelding\/\",\"url\":\"https:\/\/horisontcon.dk\/index.php\/tilmelding\/\",\"name\":\"Tilmelding til Horisont 2026 - Danmarks Hyggeligste Indie Figurspilsfestival\",\"isPartOf\":{\"@id\":\"https:\/\/horisontcon.dk\/#website\"},\"datePublished\":\"2024-11-26T15:40:08+00:00\",\"dateModified\":\"2026-03-15T21:43:19+00:00\",\"breadcrumb\":{\"@id\":\"https:\/\/horisontcon.dk\/index.php\/tilmelding\/#breadcrumb\"},\"inLanguage\":\"da-DK\",\"potentialAction\":[{\"@type\":\"ReadAction\",\"target\":[\"https:\/\/horisontcon.dk\/index.php\/tilmelding\/\"]}]},{\"@type\":\"BreadcrumbList\",\"@id\":\"https:\/\/horisontcon.dk\/index.php\/tilmelding\/#breadcrumb\",\"itemListElement\":[{\"@type\":\"ListItem\",\"position\":1,\"name\":\"Hjem\",\"item\":\"https:\/\/horisontcon.dk\/\"},{\"@type\":\"ListItem\",\"position\":2,\"name\":\"Tilmelding til Horisont 2026\"}]},{\"@type\":\"WebSite\",\"@id\":\"https:\/\/horisontcon.dk\/#website\",\"url\":\"https:\/\/horisontcon.dk\/\",\"name\":\"Danmarks Hyggeligste Indie Figurspilsfestival\",\"description\":\"Danmarks Hyggeligste Indie Figurspilsfestival\",\"publisher\":{\"@id\":\"https:\/\/horisontcon.dk\/#organization\"},\"potentialAction\":[{\"@type\":\"SearchAction\",\"target\":{\"@type\":\"EntryPoint\",\"urlTemplate\":\"https:\/\/horisontcon.dk\/?s={search_term_string}\"},\"query-input\":{\"@type\":\"PropertyValueSpecification\",\"valueRequired\":true,\"valueName\":\"search_term_string\"}}],\"inLanguage\":\"da-DK\"},{\"@type\":\"Organization\",\"@id\":\"https:\/\/horisontcon.dk\/#organization\",\"name\":\"Danmarks Hyggeligste Indie Figurspilsfestival\",\"url\":\"https:\/\/horisontcon.dk\/\",\"logo\":{\"@type\":\"ImageObject\",\"inLanguage\":\"da-DK\",\"@id\":\"https:\/\/horisontcon.dk\/#\/schema\/logo\/image\/\",\"url\":\"https:\/\/horisontcon.dk\/wp-content\/uploads\/2025\/03\/cropped-Horisont_logo_topbanner_with_padding.png\",\"contentUrl\":\"https:\/\/horisontcon.dk\/wp-content\/uploads\/2025\/03\/cropped-Horisont_logo_topbanner_with_padding.png\",\"width\":2479,\"height\":368,\"caption\":\"Danmarks Hyggeligste Indie Figurspilsfestival\"},\"image\":{\"@id\":\"https:\/\/horisontcon.dk\/#\/schema\/logo\/image\/\"}}]}<\/script>\n<!-- \/ Yoast SEO plugin. -->","yoast_head_json":{"title":"Tilmelding til Horisont 2026 - Danmarks Hyggeligste Indie Figurspilsfestival","robots":{"index":"index","follow":"follow","max-snippet":"max-snippet:-1","max-image-preview":"max-image-preview:large","max-video-preview":"max-video-preview:-1"},"canonical":"https:\/\/horisontcon.dk\/index.php\/tilmelding\/","og_locale":"da_DK","og_type":"article","og_title":"Tilmelding til Horisont 2026 - Danmarks Hyggeligste Indie Figurspilsfestival","og_url":"https:\/\/horisontcon.dk\/index.php\/tilmelding\/","og_site_name":"Danmarks Hyggeligste Indie Figurspilsfestival","article_modified_time":"2026-03-15T21:43:19+00:00","twitter_card":"summary_large_image","twitter_misc":{"Estimeret l\u00e6setid":"2 minutter"},"schema":{"@context":"https:\/\/schema.org","@graph":[{"@type":"WebPage","@id":"https:\/\/horisontcon.dk\/index.php\/tilmelding\/","url":"https:\/\/horisontcon.dk\/index.php\/tilmelding\/","name":"Tilmelding til Horisont 2026 - Danmarks Hyggeligste Indie Figurspilsfestival","isPartOf":{"@id":"https:\/\/horisontcon.dk\/#website"},"datePublished":"2024-11-26T15:40:08+00:00","dateModified":"2026-03-15T21:43:19+00:00","breadcrumb":{"@id":"https:\/\/horisontcon.dk\/index.php\/tilmelding\/#breadcrumb"},"inLanguage":"da-DK","potentialAction":[{"@type":"ReadAction","target":["https:\/\/horisontcon.dk\/index.php\/tilmelding\/"]}]},{"@type":"BreadcrumbList","@id":"https:\/\/horisontcon.dk\/index.php\/tilmelding\/#breadcrumb","itemListElement":[{"@type":"ListItem","position":1,"name":"Hjem","item":"https:\/\/horisontcon.dk\/"},{"@type":"ListItem","position":2,"name":"Tilmelding til Horisont 2026"}]},{"@type":"WebSite","@id":"https:\/\/horisontcon.dk\/#website","url":"https:\/\/horisontcon.dk\/","name":"Danmarks Hyggeligste Indie Figurspilsfestival","description":"Danmarks Hyggeligste Indie Figurspilsfestival","publisher":{"@id":"https:\/\/horisontcon.dk\/#organization"},"potentialAction":[{"@type":"SearchAction","target":{"@type":"EntryPoint","urlTemplate":"https:\/\/horisontcon.dk\/?s={search_term_string}"},"query-input":{"@type":"PropertyValueSpecification","valueRequired":true,"valueName":"search_term_string"}}],"inLanguage":"da-DK"},{"@type":"Organization","@id":"https:\/\/horisontcon.dk\/#organization","name":"Danmarks Hyggeligste Indie Figurspilsfestival","url":"https:\/\/horisontcon.dk\/","logo":{"@type":"ImageObject","inLanguage":"da-DK","@id":"https:\/\/horisontcon.dk\/#\/schema\/logo\/image\/","url":"https:\/\/horisontcon.dk\/wp-content\/uploads\/2025\/03\/cropped-Horisont_logo_topbanner_with_padding.png","contentUrl":"https:\/\/horisontcon.dk\/wp-content\/uploads\/2025\/03\/cropped-Horisont_logo_topbanner_with_padding.png","width":2479,"height":368,"caption":"Danmarks Hyggeligste Indie Figurspilsfestival"},"image":{"@id":"https:\/\/horisontcon.dk\/#\/schema\/logo\/image\/"}}]}},"_links":{"self":[{"href":"https:\/\/horisontcon.dk\/index.php\/wp-json\/wp\/v2\/pages\/236","targetHints":{"allow":["GET"]}}],"collection":[{"href":"https:\/\/horisontcon.dk\/index.php\/wp-json\/wp\/v2\/pages"}],"about":[{"href":"https:\/\/horisontcon.dk\/index.php\/wp-json\/wp\/v2\/types\/page"}],"author":[{"embeddable":true,"href":"https:\/\/horisontcon.dk\/index.php\/wp-json\/wp\/v2\/users\/1"}],"replies":[{"embeddable":true,"href":"https:\/\/horisontcon.dk\/index.php\/wp-json\/wp\/v2\/comments?post=236"}],"version-history":[{"count":22,"href":"https:\/\/horisontcon.dk\/index.php\/wp-json\/wp\/v2\/pages\/236\/revisions"}],"predecessor-version":[{"id":426,"href":"https:\/\/horisontcon.dk\/index.php\/wp-json\/wp\/v2\/pages\/236\/revisions\/426"}],"wp:attachment":[{"href":"https:\/\/horisontcon.dk\/index.php\/wp-json\/wp\/v2\/media?parent=236"}],"curies":[{"name":"wp","href":"https:\/\/api.w.org\/{rel}","templated":true}]}}