{"id":122,"date":"2024-11-26T11:10:26","date_gmt":"2024-11-26T11:10:26","guid":{"rendered":"https:\/\/horisontcon.dk\/?page_id=122"},"modified":"2025-11-02T13:07:34","modified_gmt":"2025-11-02T13:07:34","slug":"vision","status":"publish","type":"page","link":"https:\/\/horisontcon.dk\/index.php\/vision\/","title":{"rendered":"Tankerne bag Horisont"},"content":{"rendered":"\n<p>Vi ser Horisont som en\u00a0<strong>hyggelig figurspilsfestival<\/strong>\u00a0for alle de mindre kendte og ukendte figurspil som man m\u00e5tte hygge sig med, rundt omkring i de danske stuer og klubber.<\/p>\n\n\n\n<p>Vi vil gerne k\u00e6re om&nbsp;<strong>helheden af hobbyen<\/strong>; der er et \u00e6stetisk element i figurspil som vi gerne s\u00e5 blive fremmet og derfor ser vi helst der er malede figurer og terr\u00e6n p\u00e5 bordene til figurspillene.<\/p>\n\n\n\n<p>Vores udgangspunkt er ikke at lave en stor turnering i Warhammer 40.000, Age of Sigmar eller andre af de store figurspil, men derimod give plads, og fremh\u00e6ve, de mindre spil som der normalt ikke bliver lavet arrangementer til &#8211; det er en&nbsp;<strong>indie-festival<\/strong>, om man vil.<\/p>\n\n\n\n<p>Vi stiller derfor en&nbsp;<strong>legeplads<\/strong>&nbsp;til r\u00e5dighed; vi s\u00f8rger for de gode rammer for at man kan samles om spil man normalt ikke spiller, men br\u00e6nder meget for. Derfor vil vi v\u00e6re facilitator for at kunne hj\u00e6lpe n\u00f8rder med at finde hinanden om deres f\u00e6lles interesse.<\/p>\n\n\n\n<p>Vores form\u00e5l er derfor at skabe&nbsp;<strong>plads og rum<\/strong>&nbsp;til at alle interesserede kan samles, over en rigtig hyggelig weekend, hvor vi kan m\u00f8des og f\u00e5 spillet nogle spil. Hvor man kan udveksle erfaringer, tips og tricks over en kop kaffe eller en \u00f8l, mens man snuser til andre og nye sp\u00e6ndende projekter.<\/p>\n\n\n\n<p>Vi beror os p\u00e5 frivillige kr\u00e6fter, ikke kun blandt arrang\u00f8rene, men ogs\u00e5 blandt deltagerne der frivilligt har lyst til at stille sig op og fremvise et eller flere af de spil som de br\u00e6nder for.<\/p>\n\n\n\n<p>Og sidst, men ikke mindst, s\u00e5&nbsp;<strong>gl\u00e6der vi os<\/strong>&nbsp;helt vildt meget til at se dig, og rulle nogle terninger sammen!<\/p>\n\n\n\n<p>Vel m\u00f8dt!<\/p>\n\n\n\n<p><strong>Michael Toft Nielsen<\/strong><br><em>Hovedarrang\u00f8r af Horisont<\/em><\/p>\n","protected":false},"excerpt":{"rendered":"","protected":false},"author":1,"featured_media":0,"parent":0,"menu_order":0,"comment_status":"closed","ping_status":"closed","template":"","meta":{"footnotes":""},"class_list":["post-122","page","type-page","status-publish","hentry","no-post-thumbnail"],"yoast_head":"<!-- This site is optimized with the Yoast SEO plugin v23.9 - https:\/\/yoast.com\/wordpress\/plugins\/seo\/ -->\n<title>Tankerne bag Horisont - Danmarks Hyggeligste Indie Figurspilsfestival<\/title>\n<meta name=\"robots\" content=\"index, follow, max-snippet:-1, max-image-preview:large, max-video-preview:-1\" \/>\n<link rel=\"canonical\" href=\"https:\/\/horisontcon.dk\/index.php\/vision\/\" \/>\n<meta property=\"og:locale\" content=\"da_DK\" \/>\n<meta property=\"og:type\" content=\"article\" \/>\n<meta property=\"og:title\" content=\"Tankerne bag Horisont - Danmarks Hyggeligste Indie Figurspilsfestival\" \/>\n<meta property=\"og:url\" content=\"https:\/\/horisontcon.dk\/index.php\/vision\/\" \/>\n<meta property=\"og:site_name\" content=\"Danmarks Hyggeligste Indie Figurspilsfestival\" \/>\n<meta property=\"article:modified_time\" content=\"2025-11-02T13:07:34+00:00\" \/>\n<meta name=\"twitter:card\" content=\"summary_large_image\" \/>\n<meta name=\"twitter:label1\" content=\"Estimeret l\u00e6setid\" \/>\n\t<meta name=\"twitter:data1\" content=\"2 minutter\" \/>\n<script type=\"application\/ld+json\" class=\"yoast-schema-graph\">{\"@context\":\"https:\/\/schema.org\",\"@graph\":[{\"@type\":\"WebPage\",\"@id\":\"https:\/\/horisontcon.dk\/index.php\/vision\/\",\"url\":\"https:\/\/horisontcon.dk\/index.php\/vision\/\",\"name\":\"Tankerne bag Horisont - Danmarks Hyggeligste Indie Figurspilsfestival\",\"isPartOf\":{\"@id\":\"https:\/\/horisontcon.dk\/#website\"},\"datePublished\":\"2024-11-26T11:10:26+00:00\",\"dateModified\":\"2025-11-02T13:07:34+00:00\",\"breadcrumb\":{\"@id\":\"https:\/\/horisontcon.dk\/index.php\/vision\/#breadcrumb\"},\"inLanguage\":\"da-DK\",\"potentialAction\":[{\"@type\":\"ReadAction\",\"target\":[\"https:\/\/horisontcon.dk\/index.php\/vision\/\"]}]},{\"@type\":\"BreadcrumbList\",\"@id\":\"https:\/\/horisontcon.dk\/index.php\/vision\/#breadcrumb\",\"itemListElement\":[{\"@type\":\"ListItem\",\"position\":1,\"name\":\"Hjem\",\"item\":\"https:\/\/horisontcon.dk\/\"},{\"@type\":\"ListItem\",\"position\":2,\"name\":\"Tankerne bag Horisont\"}]},{\"@type\":\"WebSite\",\"@id\":\"https:\/\/horisontcon.dk\/#website\",\"url\":\"https:\/\/horisontcon.dk\/\",\"name\":\"Danmarks Hyggeligste Indie Figurspilsfestival\",\"description\":\"Danmarks Hyggeligste Indie Figurspilsfestival\",\"publisher\":{\"@id\":\"https:\/\/horisontcon.dk\/#organization\"},\"potentialAction\":[{\"@type\":\"SearchAction\",\"target\":{\"@type\":\"EntryPoint\",\"urlTemplate\":\"https:\/\/horisontcon.dk\/?s={search_term_string}\"},\"query-input\":{\"@type\":\"PropertyValueSpecification\",\"valueRequired\":true,\"valueName\":\"search_term_string\"}}],\"inLanguage\":\"da-DK\"},{\"@type\":\"Organization\",\"@id\":\"https:\/\/horisontcon.dk\/#organization\",\"name\":\"Danmarks Hyggeligste Indie Figurspilsfestival\",\"url\":\"https:\/\/horisontcon.dk\/\",\"logo\":{\"@type\":\"ImageObject\",\"inLanguage\":\"da-DK\",\"@id\":\"https:\/\/horisontcon.dk\/#\/schema\/logo\/image\/\",\"url\":\"https:\/\/horisontcon.dk\/wp-content\/uploads\/2025\/03\/cropped-Horisont_logo_topbanner_with_padding.png\",\"contentUrl\":\"https:\/\/horisontcon.dk\/wp-content\/uploads\/2025\/03\/cropped-Horisont_logo_topbanner_with_padding.png\",\"width\":2479,\"height\":368,\"caption\":\"Danmarks Hyggeligste Indie Figurspilsfestival\"},\"image\":{\"@id\":\"https:\/\/horisontcon.dk\/#\/schema\/logo\/image\/\"}}]}<\/script>\n<!-- \/ Yoast SEO plugin. -->","yoast_head_json":{"title":"Tankerne bag Horisont - Danmarks Hyggeligste Indie Figurspilsfestival","robots":{"index":"index","follow":"follow","max-snippet":"max-snippet:-1","max-image-preview":"max-image-preview:large","max-video-preview":"max-video-preview:-1"},"canonical":"https:\/\/horisontcon.dk\/index.php\/vision\/","og_locale":"da_DK","og_type":"article","og_title":"Tankerne bag Horisont - Danmarks Hyggeligste Indie Figurspilsfestival","og_url":"https:\/\/horisontcon.dk\/index.php\/vision\/","og_site_name":"Danmarks Hyggeligste Indie Figurspilsfestival","article_modified_time":"2025-11-02T13:07:34+00:00","twitter_card":"summary_large_image","twitter_misc":{"Estimeret l\u00e6setid":"2 minutter"},"schema":{"@context":"https:\/\/schema.org","@graph":[{"@type":"WebPage","@id":"https:\/\/horisontcon.dk\/index.php\/vision\/","url":"https:\/\/horisontcon.dk\/index.php\/vision\/","name":"Tankerne bag Horisont - Danmarks Hyggeligste Indie Figurspilsfestival","isPartOf":{"@id":"https:\/\/horisontcon.dk\/#website"},"datePublished":"2024-11-26T11:10:26+00:00","dateModified":"2025-11-02T13:07:34+00:00","breadcrumb":{"@id":"https:\/\/horisontcon.dk\/index.php\/vision\/#breadcrumb"},"inLanguage":"da-DK","potentialAction":[{"@type":"ReadAction","target":["https:\/\/horisontcon.dk\/index.php\/vision\/"]}]},{"@type":"BreadcrumbList","@id":"https:\/\/horisontcon.dk\/index.php\/vision\/#breadcrumb","itemListElement":[{"@type":"ListItem","position":1,"name":"Hjem","item":"https:\/\/horisontcon.dk\/"},{"@type":"ListItem","position":2,"name":"Tankerne bag Horisont"}]},{"@type":"WebSite","@id":"https:\/\/horisontcon.dk\/#website","url":"https:\/\/horisontcon.dk\/","name":"Danmarks Hyggeligste Indie Figurspilsfestival","description":"Danmarks Hyggeligste Indie Figurspilsfestival","publisher":{"@id":"https:\/\/horisontcon.dk\/#organization"},"potentialAction":[{"@type":"SearchAction","target":{"@type":"EntryPoint","urlTemplate":"https:\/\/horisontcon.dk\/?s={search_term_string}"},"query-input":{"@type":"PropertyValueSpecification","valueRequired":true,"valueName":"search_term_string"}}],"inLanguage":"da-DK"},{"@type":"Organization","@id":"https:\/\/horisontcon.dk\/#organization","name":"Danmarks Hyggeligste Indie Figurspilsfestival","url":"https:\/\/horisontcon.dk\/","logo":{"@type":"ImageObject","inLanguage":"da-DK","@id":"https:\/\/horisontcon.dk\/#\/schema\/logo\/image\/","url":"https:\/\/horisontcon.dk\/wp-content\/uploads\/2025\/03\/cropped-Horisont_logo_topbanner_with_padding.png","contentUrl":"https:\/\/horisontcon.dk\/wp-content\/uploads\/2025\/03\/cropped-Horisont_logo_topbanner_with_padding.png","width":2479,"height":368,"caption":"Danmarks Hyggeligste Indie Figurspilsfestival"},"image":{"@id":"https:\/\/horisontcon.dk\/#\/schema\/logo\/image\/"}}]}},"_links":{"self":[{"href":"https:\/\/horisontcon.dk\/index.php\/wp-json\/wp\/v2\/pages\/122","targetHints":{"allow":["GET"]}}],"collection":[{"href":"https:\/\/horisontcon.dk\/index.php\/wp-json\/wp\/v2\/pages"}],"about":[{"href":"https:\/\/horisontcon.dk\/index.php\/wp-json\/wp\/v2\/types\/page"}],"author":[{"embeddable":true,"href":"https:\/\/horisontcon.dk\/index.php\/wp-json\/wp\/v2\/users\/1"}],"replies":[{"embeddable":true,"href":"https:\/\/horisontcon.dk\/index.php\/wp-json\/wp\/v2\/comments?post=122"}],"version-history":[{"count":3,"href":"https:\/\/horisontcon.dk\/index.php\/wp-json\/wp\/v2\/pages\/122\/revisions"}],"predecessor-version":[{"id":400,"href":"https:\/\/horisontcon.dk\/index.php\/wp-json\/wp\/v2\/pages\/122\/revisions\/400"}],"wp:attachment":[{"href":"https:\/\/horisontcon.dk\/index.php\/wp-json\/wp\/v2\/media?parent=122"}],"curies":[{"name":"wp","href":"https:\/\/api.w.org\/{rel}","templated":true}]}}